{"id":50847,"date":"2026-04-21T09:12:36","date_gmt":"2026-04-21T07:12:36","guid":{"rendered":"https:\/\/www.lisker.fi\/service-och-underhall\/"},"modified":"2026-04-21T09:25:55","modified_gmt":"2026-04-21T07:25:55","slug":"service-och-underhall","status":"publish","type":"page","link":"https:\/\/www.lisker.fi\/sv\/service-och-underhall\/","title":{"rendered":"Service och underh\u00e5ll"},"content":{"rendered":"\n<div class=\"gb-element-9213f4c9\">\n<div class=\"gb-element-a306171f\">\n<div class=\"gb-element-35e5fe60\">\n<h2 class=\"gb-text\">Serviceverksamhet s\u00e4kerst\u00e4ller utbytet<\/h2>\n\n\n\n<p>Liskers m\u00e4tutrustning \u00e4r konstruerad f\u00f6r att fungera under kr\u00e4vande f\u00f6rh\u00e5llanden, men b\u00e4sta utbyte uppn\u00e5s n\u00e4r utrustningen servas regelbundet. Kontrollerad och kalibrerad utrustning s\u00e4kerst\u00e4ller m\u00e4tnoggrannheten och h\u00e5ller optimeringen tillf\u00f6rlitlig i hela linjen. R\u00e4tt tajmad service syns direkt i utbyte, utnyttjandegrad och produktionens f\u00f6ruts\u00e4gbarhet. F\u00f6rebyggande underh\u00e5ll minskar \u00e4ven ov\u00e4ntade produktionsavbrott.    <\/p>\n\n\n\n<p>Vi erbjuder individuell serviceverksamhet f\u00f6r varje s\u00e5glinjes behov. Servicebes\u00f6k kan tajmas i samband med planerade driftstopp, och fj\u00e4rrkontroller kan s\u00e4kerst\u00e4lla systemens funktion \u00e4ven mellan servicebes\u00f6ken. <br><\/p>\n\n\n\n<h3 class=\"gb-text\">Vad omfattar servicen?<\/h3>\n\n\n\n<div class=\"gb-element-8800a518\">\n<ul class=\"gb-element-7c8e52a3\">\n<li class=\"gb-text-11009d6d\"><span class=\"gb-shape\"><svg aria-hidden=\"true\" role=\"img\" height=\"1em\" width=\"1em\" viewBox=\"0 0 512 512\" xmlns=\"http:\/\/www.w3.org\/2000\/svg\"><path fill=\"currentColor\" d=\"M256 8C119.033 8 8 119.033 8 256s111.033 248 248 248 248-111.033 248-248S392.967 8 256 8zm0 48c110.532 0 200 89.451 200 200 0 110.532-89.451 200-200 200-110.532 0-200-89.451-200-200 0-110.532 89.451-200 200-200m140.204 130.267l-22.536-22.718c-4.667-4.705-12.265-4.736-16.97-.068L215.346 303.697l-59.792-60.277c-4.667-4.705-12.265-4.736-16.97-.069l-22.719 22.536c-4.705 4.667-4.736 12.265-.068 16.971l90.781 91.516c4.667 4.705 12.265 4.736 16.97.068l172.589-171.204c4.704-4.668 4.734-12.266.067-16.971z\"><\/path><\/svg><\/span><span class=\"gb-text\">Reng\u00f6ring av kameror, lasrar och fotoceller<\/span><\/li>\n\n\n\n<li class=\"gb-text-ca02a4d8\"><span class=\"gb-shape\"><svg aria-hidden=\"true\" role=\"img\" height=\"1em\" width=\"1em\" viewBox=\"0 0 512 512\" xmlns=\"http:\/\/www.w3.org\/2000\/svg\"><path fill=\"currentColor\" d=\"M256 8C119.033 8 8 119.033 8 256s111.033 248 248 248 248-111.033 248-248S392.967 8 256 8zm0 48c110.532 0 200 89.451 200 200 0 110.532-89.451 200-200 200-110.532 0-200-89.451-200-200 0-110.532 89.451-200 200-200m140.204 130.267l-22.536-22.718c-4.667-4.705-12.265-4.736-16.97-.068L215.346 303.697l-59.792-60.277c-4.667-4.705-12.265-4.736-16.97-.069l-22.719 22.536c-4.705 4.667-4.736 12.265-.068 16.971l90.781 91.516c4.667 4.705 12.265 4.736 16.97.068l172.589-171.204c4.704-4.668 4.734-12.266.067-16.971z\"><\/path><\/svg><\/span><span class=\"gb-text\">Kontroll av f\u00e4stens och optikens skick<\/span><\/li>\n\n\n\n<li class=\"gb-text-2bb49069\"><span class=\"gb-shape\"><svg aria-hidden=\"true\" role=\"img\" height=\"1em\" width=\"1em\" viewBox=\"0 0 512 512\" xmlns=\"http:\/\/www.w3.org\/2000\/svg\"><path fill=\"currentColor\" d=\"M256 8C119.033 8 8 119.033 8 256s111.033 248 248 248 248-111.033 248-248S392.967 8 256 8zm0 48c110.532 0 200 89.451 200 200 0 110.532-89.451 200-200 200-110.532 0-200-89.451-200-200 0-110.532 89.451-200 200-200m140.204 130.267l-22.536-22.718c-4.667-4.705-12.265-4.736-16.97-.068L215.346 303.697l-59.792-60.277c-4.667-4.705-12.265-4.736-16.97-.069l-22.719 22.536c-4.705 4.667-4.736 12.265-.068 16.971l90.781 91.516c4.667 4.705 12.265 4.736 16.97.068l172.589-171.204c4.704-4.668 4.734-12.266.067-16.971z\"><\/path><\/svg><\/span><span class=\"gb-text\">Kalibrering av m\u00e4tare och kontroll av m\u00e4tnoggrannhet<\/span><\/li>\n\n\n\n\n\n<li class=\"gb-text-4f7fc985\"><span class=\"gb-shape\"><svg aria-hidden=\"true\" role=\"img\" height=\"1em\" width=\"1em\" viewBox=\"0 0 512 512\" xmlns=\"http:\/\/www.w3.org\/2000\/svg\"><path fill=\"currentColor\" d=\"M256 8C119.033 8 8 119.033 8 256s111.033 248 248 248 248-111.033 248-248S392.967 8 256 8zm0 48c110.532 0 200 89.451 200 200 0 110.532-89.451 200-200 200-110.532 0-200-89.451-200-200 0-110.532 89.451-200 200-200m140.204 130.267l-22.536-22.718c-4.667-4.705-12.265-4.736-16.97-.068L215.346 303.697l-59.792-60.277c-4.667-4.705-12.265-4.736-16.97-.069l-22.719 22.536c-4.705 4.667-4.736 12.265-.068 16.971l90.781 91.516c4.667 4.705 12.265 4.736 16.97.068l172.589-171.204c4.704-4.668 4.734-12.266.067-16.971z\"><\/path><\/svg><\/span><span class=\"gb-text\">Rapportering av \u00e5tg\u00e4rder och resultat till s\u00e5gens kontaktpersoner<\/span><\/li>\n<\/ul>\n<\/div>\n<\/div>\n<\/div>\n<\/div>\n\n\n\n<p><br><strong>Boka n\u00e4sta servicetid nu eller fr\u00e5ga oss om mer information!<\/strong><\/p>\n\n\n\n<div class=\"gb-element-63608566\">\n<div>\n<img loading=\"lazy\" decoding=\"async\" width=\"1365\" height=\"2048\" class=\"gb-media-e2604705\" alt=\"\" src=\"https:\/\/www.lisker.fi\/wp-content\/uploads\/2025\/09\/Saku.jpg\" title=\"Saku Rappum\u00e4ki\" srcset=\"https:\/\/www.lisker.fi\/wp-content\/uploads\/2025\/09\/Saku.jpg 1365w, https:\/\/www.lisker.fi\/wp-content\/uploads\/2025\/09\/Saku-200x300.jpg 200w, https:\/\/www.lisker.fi\/wp-content\/uploads\/2025\/09\/Saku-683x1024.jpg 683w, https:\/\/www.lisker.fi\/wp-content\/uploads\/2025\/09\/Saku-768x1152.jpg 768w, https:\/\/www.lisker.fi\/wp-content\/uploads\/2025\/09\/Saku-1024x1536.jpg 1024w\" sizes=\"auto, (max-width: 1365px) 100vw, 1365px\" \/>\n\n\n\n<div class=\"gb-text gb-text-d5db3b12\">Saku Rappum\u00e4ki<\/div>\n\n\n\n<div class=\"gb-text gb-text-9b946954\">Underh\u00e5ll \/ drifts\u00e4ttning<br>+358 44 252 0225<br>saku.rappumaki@lisker.fi<\/div>\n<\/div>\n\n\n\n<div>\n<img loading=\"lazy\" decoding=\"async\" width=\"1365\" height=\"2048\" class=\"gb-media-0817f3aa\" alt=\"\" src=\"https:\/\/www.lisker.fi\/wp-content\/uploads\/2025\/09\/Lisker-K20-web.jpg\" title=\"Matia Ala-Hemmil\u00e4\" srcset=\"https:\/\/www.lisker.fi\/wp-content\/uploads\/2025\/09\/Lisker-K20-web.jpg 1365w, https:\/\/www.lisker.fi\/wp-content\/uploads\/2025\/09\/Lisker-K20-web-200x300.jpg 200w, https:\/\/www.lisker.fi\/wp-content\/uploads\/2025\/09\/Lisker-K20-web-683x1024.jpg 683w, https:\/\/www.lisker.fi\/wp-content\/uploads\/2025\/09\/Lisker-K20-web-768x1152.jpg 768w, https:\/\/www.lisker.fi\/wp-content\/uploads\/2025\/09\/Lisker-K20-web-1024x1536.jpg 1024w\" sizes=\"auto, (max-width: 1365px) 100vw, 1365px\" \/>\n\n\n\n<div class=\"gb-text gb-text-4452df91\">Matias Ala-Hemmil\u00e4<\/div>\n\n\n\n<div class=\"gb-text gb-text-eed675c2\">Underh\u00e5ll \/ drifts\u00e4ttning<br>+358 40 836 3965<br>matias.ala-hemmila@lisker.fi<\/div>\n<\/div>\n<\/div>\n\n\n\n<h2 class=\"gb-text\">Kontakta oss<\/h2>\n\n\n\n<p>Kontakta v\u00e5ra experter direkt eller skicka ett meddelande h\u00e4r, vi svarar snart!<\/p>\n\n\n<style id=\"wpforms-css-vars-48998-block-2fe4e334-a9cf-47f9-9b3c-4005b4dda8fa\">\n\t\t\t\t#wpforms-48998.wpforms-block-2fe4e334-a9cf-47f9-9b3c-4005b4dda8fa {\n\t\t\t\t--wpforms-button-background-color: var(--accent-2);\n--wpforms-button-text-color: var(--contrast-2);\n--wpforms-field-size-input-height: 43px;\n--wpforms-field-size-input-spacing: 15px;\n--wpforms-field-size-font-size: 16px;\n--wpforms-field-size-line-height: 19px;\n--wpforms-field-size-padding-h: 14px;\n--wpforms-field-size-checkbox-size: 16px;\n--wpforms-field-size-sublabel-spacing: 5px;\n--wpforms-field-size-icon-size: 1;\n--wpforms-label-size-font-size: 16px;\n--wpforms-label-size-line-height: 19px;\n--wpforms-label-size-sublabel-font-size: 14px;\n--wpforms-label-size-sublabel-line-height: 17px;\n--wpforms-button-size-font-size: 17px;\n--wpforms-button-size-height: 41px;\n--wpforms-button-size-padding-h: 15px;\n--wpforms-button-size-margin-top: 10px;\n\t\t\t}\n\t\t\t<\/style><div class=\"wpforms-container wpforms-container-full wpforms-block wpforms-block-2fe4e334-a9cf-47f9-9b3c-4005b4dda8fa wpforms-render-modern\" id=\"wpforms-48998\"><form id=\"wpforms-form-48998\" class=\"wpforms-validate wpforms-form wpforms-ajax-form\" data-formid=\"48998\" method=\"post\" enctype=\"multipart\/form-data\" action=\"\/sv\/wp-json\/wp\/v2\/pages\/50847\" data-token=\"d68149508108dfb1d303674e90398a18\" data-token-time=\"1776777325\"><noscript class=\"wpforms-error-noscript\">Aktivera JavaScript i din webbl\u00e4sare f\u00f6r att fylla i formul\u00e4ret.<\/noscript><div id=\"wpforms-error-noscript\" style=\"display: none;\">Aktivera JavaScript i din webbl\u00e4sare f\u00f6r att fylla i formul\u00e4ret.<\/div><div class=\"wpforms-field-container\"><div id=\"wpforms-48998-field_1-container\" class=\"wpforms-field wpforms-field-name\" data-field-id=\"1\"><label class=\"wpforms-field-label\" for=\"wpforms-48998-field_1\">Nimi <span class=\"wpforms-required-label\" aria-hidden=\"true\">*<\/span><\/label><input type=\"text\" id=\"wpforms-48998-field_1\" class=\"wpforms-field-medium wpforms-field-required\" name=\"wpforms[fields][1]\" aria-errormessage=\"wpforms-48998-field_1-error\" required><\/div><div id=\"wpforms-48998-field_2-container\" class=\"wpforms-field wpforms-field-email\" data-field-id=\"2\"><label class=\"wpforms-field-label\" for=\"wpforms-48998-field_2\">S\u00e4hk\u00f6posti <span class=\"wpforms-required-label\" aria-hidden=\"true\">*<\/span><\/label><input type=\"email\" id=\"wpforms-48998-field_2\" class=\"wpforms-field-medium wpforms-field-required\" name=\"wpforms[fields][2]\" spellcheck=\"false\" aria-errormessage=\"wpforms-48998-field_2-error\" required><\/div>\t\t<div id=\"wpforms-48998-field_3-container\"\n\t\t\tclass=\"wpforms-field wpforms-field-text\"\n\t\t\tdata-field-type=\"text\"\n\t\t\tdata-field-id=\"3\"\n\t\t\t>\n\t\t\t<label class=\"wpforms-field-label\" for=\"wpforms-48998-field_3\" >Nimi S\u00e4hk\u00f6posti Viesti<\/label>\n\t\t\t<input type=\"text\" id=\"wpforms-48998-field_3\" class=\"wpforms-field-medium\" name=\"wpforms[fields][3]\" >\n\t\t<\/div>\n\t\t<div id=\"wpforms-48998-field_4-container\" class=\"wpforms-field wpforms-field-textarea\" data-field-id=\"4\"><label class=\"wpforms-field-label\" for=\"wpforms-48998-field_4\">Viesti<\/label><textarea id=\"wpforms-48998-field_4\" class=\"wpforms-field-medium\" name=\"wpforms[fields][4]\" aria-errormessage=\"wpforms-48998-field_4-error\" ><\/textarea><\/div><script>\n\t\t\t\t( function() {\n\t\t\t\t\tconst style = document.createElement( 'style' );\n\t\t\t\t\tstyle.appendChild( document.createTextNode( '#wpforms-48998-field_3-container { position: absolute !important; overflow: hidden !important; display: inline !important; height: 1px !important; width: 1px !important; z-index: -1000 !important; padding: 0 !important; } #wpforms-48998-field_3-container input { visibility: hidden; } #wpforms-conversational-form-page #wpforms-48998-field_3-container label { counter-increment: none; }' ) );\n\t\t\t\t\tdocument.head.appendChild( style );\n\t\t\t\t\tdocument.currentScript?.remove();\n\t\t\t\t} )();\n\t\t\t<\/script><\/div><!-- .wpforms-field-container --><div class=\"wpforms-submit-container\" ><input type=\"hidden\" name=\"wpforms[id]\" value=\"48998\"><input type=\"hidden\" name=\"page_title\" value=\"\"><input type=\"hidden\" name=\"page_url\" value=\"https:\/\/www.lisker.fi\/sv\/wp-json\/wp\/v2\/pages\/50847\"><input type=\"hidden\" name=\"url_referer\" value=\"\"><button type=\"submit\" name=\"wpforms[submit]\" id=\"wpforms-submit-48998\" class=\"wpforms-submit\" data-alt-text=\"Sending...\" data-submit-text=\"L\u00e4het\u00e4\" aria-live=\"assertive\" value=\"wpforms-submit\">L\u00e4het\u00e4<\/button><img loading=\"lazy\" decoding=\"async\" src=\"https:\/\/www.lisker.fi\/wp-content\/plugins\/wpforms-lite\/assets\/images\/submit-spin.svg\" class=\"wpforms-submit-spinner\" style=\"display: none;\" width=\"26\" height=\"26\" alt=\"Laddar\"><\/div><\/form><\/div>  <!-- .wpforms-container -->","protected":false},"excerpt":{"rendered":"<p>Serviceverksamhet s\u00e4kerst\u00e4ller utbytet Liskers m\u00e4tutrustning \u00e4r konstruerad f\u00f6r att fungera under kr\u00e4vande f\u00f6rh\u00e5llanden, men b\u00e4sta utbyte uppn\u00e5s n\u00e4r utrustningen servas regelbundet. Kontrollerad och kalibrerad utrustning s\u00e4kerst\u00e4ller m\u00e4tnoggrannheten och h\u00e5ller optimeringen tillf\u00f6rlitlig i hela linjen. R\u00e4tt tajmad service syns direkt i utbyte, utnyttjandegrad och produktionens f\u00f6ruts\u00e4gbarhet. F\u00f6rebyggande underh\u00e5ll minskar \u00e4ven ov\u00e4ntade produktionsavbrott. Vi erbjuder individuell serviceverksamhet &#8230; <a title=\"Service och underh\u00e5ll\" class=\"read-more\" href=\"https:\/\/www.lisker.fi\/sv\/service-och-underhall\/\" aria-label=\"L\u00e4s mer om Service och underh\u00e5ll\">L\u00e4s mer<\/a><\/p>\n","protected":false},"author":2,"featured_media":0,"parent":0,"menu_order":0,"comment_status":"closed","ping_status":"closed","template":"","meta":{"footnotes":""},"class_list":["post-50847","page","type-page","status-publish"],"yoast_head":"<!-- This site is optimized with the Yoast SEO plugin v27.4 - https:\/\/yoast.com\/product\/yoast-seo-wordpress\/ -->\n<title>Service och underh\u00e5ll - Lisker Oy - Sahan optimointij&auml;rjestelm&auml;t<\/title>\n<meta name=\"robots\" content=\"index, follow, max-snippet:-1, max-image-preview:large, max-video-preview:-1\" \/>\n<link rel=\"canonical\" href=\"https:\/\/www.lisker.fi\/sv\/service-och-underhall\/\" \/>\n<meta property=\"og:locale\" content=\"sv_SE\" \/>\n<meta property=\"og:type\" content=\"article\" \/>\n<meta property=\"og:title\" content=\"Service och underh\u00e5ll - Lisker Oy - Sahan optimointij&auml;rjestelm&auml;t\" \/>\n<meta property=\"og:description\" content=\"Serviceverksamhet s\u00e4kerst\u00e4ller utbytet Liskers m\u00e4tutrustning \u00e4r konstruerad f\u00f6r att fungera under kr\u00e4vande f\u00f6rh\u00e5llanden, men b\u00e4sta utbyte uppn\u00e5s n\u00e4r utrustningen servas regelbundet. Kontrollerad och kalibrerad utrustning s\u00e4kerst\u00e4ller m\u00e4tnoggrannheten och h\u00e5ller optimeringen tillf\u00f6rlitlig i hela linjen. R\u00e4tt tajmad service syns direkt i utbyte, utnyttjandegrad och produktionens f\u00f6ruts\u00e4gbarhet. F\u00f6rebyggande underh\u00e5ll minskar \u00e4ven ov\u00e4ntade produktionsavbrott. Vi erbjuder individuell serviceverksamhet ... L\u00e4s mer\" \/>\n<meta property=\"og:url\" content=\"https:\/\/www.lisker.fi\/sv\/service-och-underhall\/\" \/>\n<meta property=\"og:site_name\" content=\"Lisker Oy - Sahan optimointij&auml;rjestelm&auml;t\" \/>\n<meta property=\"article:modified_time\" content=\"2026-04-21T07:25:55+00:00\" \/>\n<meta property=\"og:image\" content=\"https:\/\/www.lisker.fi\/wp-content\/uploads\/2025\/09\/Saku.jpg\" \/>\n<meta name=\"twitter:card\" content=\"summary_large_image\" \/>\n<meta name=\"twitter:label1\" content=\"Ber\u00e4knad l\u00e4stid\" \/>\n\t<meta name=\"twitter:data1\" content=\"2 minuter\" \/>\n<script type=\"application\/ld+json\" class=\"yoast-schema-graph\">{\"@context\":\"https:\\\/\\\/schema.org\",\"@graph\":[{\"@type\":\"WebPage\",\"@id\":\"https:\\\/\\\/www.lisker.fi\\\/sv\\\/service-och-underhall\\\/\",\"url\":\"https:\\\/\\\/www.lisker.fi\\\/sv\\\/service-och-underhall\\\/\",\"name\":\"Service och underh\u00e5ll - Lisker Oy - Sahan optimointij&auml;rjestelm&auml;t\",\"isPartOf\":{\"@id\":\"https:\\\/\\\/www.lisker.fi\\\/sv\\\/#website\"},\"primaryImageOfPage\":{\"@id\":\"https:\\\/\\\/www.lisker.fi\\\/sv\\\/service-och-underhall\\\/#primaryimage\"},\"image\":{\"@id\":\"https:\\\/\\\/www.lisker.fi\\\/sv\\\/service-och-underhall\\\/#primaryimage\"},\"thumbnailUrl\":\"https:\\\/\\\/www.lisker.fi\\\/wp-content\\\/uploads\\\/2025\\\/09\\\/Saku.jpg\",\"datePublished\":\"2026-04-21T07:12:36+00:00\",\"dateModified\":\"2026-04-21T07:25:55+00:00\",\"breadcrumb\":{\"@id\":\"https:\\\/\\\/www.lisker.fi\\\/sv\\\/service-och-underhall\\\/#breadcrumb\"},\"inLanguage\":\"sv-SE\",\"potentialAction\":[{\"@type\":\"ReadAction\",\"target\":[\"https:\\\/\\\/www.lisker.fi\\\/sv\\\/service-och-underhall\\\/\"]}]},{\"@type\":\"ImageObject\",\"inLanguage\":\"sv-SE\",\"@id\":\"https:\\\/\\\/www.lisker.fi\\\/sv\\\/service-och-underhall\\\/#primaryimage\",\"url\":\"https:\\\/\\\/www.lisker.fi\\\/wp-content\\\/uploads\\\/2025\\\/09\\\/Saku.jpg\",\"contentUrl\":\"https:\\\/\\\/www.lisker.fi\\\/wp-content\\\/uploads\\\/2025\\\/09\\\/Saku.jpg\"},{\"@type\":\"BreadcrumbList\",\"@id\":\"https:\\\/\\\/www.lisker.fi\\\/sv\\\/service-och-underhall\\\/#breadcrumb\",\"itemListElement\":[{\"@type\":\"ListItem\",\"position\":1,\"name\":\"Home\",\"item\":\"https:\\\/\\\/www.lisker.fi\\\/sv\\\/\"},{\"@type\":\"ListItem\",\"position\":2,\"name\":\"Service och underh\u00e5ll\"}]},{\"@type\":\"WebSite\",\"@id\":\"https:\\\/\\\/www.lisker.fi\\\/sv\\\/#website\",\"url\":\"https:\\\/\\\/www.lisker.fi\\\/sv\\\/\",\"name\":\"Lisker Oy - Sahan optimointij&auml;rjestelm&auml;t\",\"description\":\"Lisker Oy\",\"publisher\":{\"@id\":\"https:\\\/\\\/www.lisker.fi\\\/sv\\\/#organization\"},\"potentialAction\":[{\"@type\":\"SearchAction\",\"target\":{\"@type\":\"EntryPoint\",\"urlTemplate\":\"https:\\\/\\\/www.lisker.fi\\\/sv\\\/?s={search_term_string}\"},\"query-input\":{\"@type\":\"PropertyValueSpecification\",\"valueRequired\":true,\"valueName\":\"search_term_string\"}}],\"inLanguage\":\"sv-SE\"},{\"@type\":\"Organization\",\"@id\":\"https:\\\/\\\/www.lisker.fi\\\/sv\\\/#organization\",\"name\":\"Lisker Oy - Sahan optimointij&auml;rjestelm&auml;t\",\"url\":\"https:\\\/\\\/www.lisker.fi\\\/sv\\\/\",\"logo\":{\"@type\":\"ImageObject\",\"inLanguage\":\"sv-SE\",\"@id\":\"https:\\\/\\\/www.lisker.fi\\\/sv\\\/#\\\/schema\\\/logo\\\/image\\\/\",\"url\":\"https:\\\/\\\/www.lisker.fi\\\/wp-content\\\/uploads\\\/2025\\\/09\\\/lisker-logo-valkoinen.png\",\"contentUrl\":\"https:\\\/\\\/www.lisker.fi\\\/wp-content\\\/uploads\\\/2025\\\/09\\\/lisker-logo-valkoinen.png\",\"width\":1200,\"height\":400,\"caption\":\"Lisker Oy - Sahan optimointij&auml;rjestelm&auml;t\"},\"image\":{\"@id\":\"https:\\\/\\\/www.lisker.fi\\\/sv\\\/#\\\/schema\\\/logo\\\/image\\\/\"}}]}<\/script>\n<!-- \/ Yoast SEO plugin. -->","yoast_head_json":{"title":"Service och underh\u00e5ll - Lisker Oy - Sahan optimointij&auml;rjestelm&auml;t","robots":{"index":"index","follow":"follow","max-snippet":"max-snippet:-1","max-image-preview":"max-image-preview:large","max-video-preview":"max-video-preview:-1"},"canonical":"https:\/\/www.lisker.fi\/sv\/service-och-underhall\/","og_locale":"sv_SE","og_type":"article","og_title":"Service och underh\u00e5ll - Lisker Oy - Sahan optimointij&auml;rjestelm&auml;t","og_description":"Serviceverksamhet s\u00e4kerst\u00e4ller utbytet Liskers m\u00e4tutrustning \u00e4r konstruerad f\u00f6r att fungera under kr\u00e4vande f\u00f6rh\u00e5llanden, men b\u00e4sta utbyte uppn\u00e5s n\u00e4r utrustningen servas regelbundet. Kontrollerad och kalibrerad utrustning s\u00e4kerst\u00e4ller m\u00e4tnoggrannheten och h\u00e5ller optimeringen tillf\u00f6rlitlig i hela linjen. R\u00e4tt tajmad service syns direkt i utbyte, utnyttjandegrad och produktionens f\u00f6ruts\u00e4gbarhet. F\u00f6rebyggande underh\u00e5ll minskar \u00e4ven ov\u00e4ntade produktionsavbrott. Vi erbjuder individuell serviceverksamhet ... L\u00e4s mer","og_url":"https:\/\/www.lisker.fi\/sv\/service-och-underhall\/","og_site_name":"Lisker Oy - Sahan optimointij&auml;rjestelm&auml;t","article_modified_time":"2026-04-21T07:25:55+00:00","og_image":[{"url":"https:\/\/www.lisker.fi\/wp-content\/uploads\/2025\/09\/Saku.jpg","type":"","width":"","height":""}],"twitter_card":"summary_large_image","twitter_misc":{"Ber\u00e4knad l\u00e4stid":"2 minuter"},"schema":{"@context":"https:\/\/schema.org","@graph":[{"@type":"WebPage","@id":"https:\/\/www.lisker.fi\/sv\/service-och-underhall\/","url":"https:\/\/www.lisker.fi\/sv\/service-och-underhall\/","name":"Service och underh\u00e5ll - Lisker Oy - Sahan optimointij&auml;rjestelm&auml;t","isPartOf":{"@id":"https:\/\/www.lisker.fi\/sv\/#website"},"primaryImageOfPage":{"@id":"https:\/\/www.lisker.fi\/sv\/service-och-underhall\/#primaryimage"},"image":{"@id":"https:\/\/www.lisker.fi\/sv\/service-och-underhall\/#primaryimage"},"thumbnailUrl":"https:\/\/www.lisker.fi\/wp-content\/uploads\/2025\/09\/Saku.jpg","datePublished":"2026-04-21T07:12:36+00:00","dateModified":"2026-04-21T07:25:55+00:00","breadcrumb":{"@id":"https:\/\/www.lisker.fi\/sv\/service-och-underhall\/#breadcrumb"},"inLanguage":"sv-SE","potentialAction":[{"@type":"ReadAction","target":["https:\/\/www.lisker.fi\/sv\/service-och-underhall\/"]}]},{"@type":"ImageObject","inLanguage":"sv-SE","@id":"https:\/\/www.lisker.fi\/sv\/service-och-underhall\/#primaryimage","url":"https:\/\/www.lisker.fi\/wp-content\/uploads\/2025\/09\/Saku.jpg","contentUrl":"https:\/\/www.lisker.fi\/wp-content\/uploads\/2025\/09\/Saku.jpg"},{"@type":"BreadcrumbList","@id":"https:\/\/www.lisker.fi\/sv\/service-och-underhall\/#breadcrumb","itemListElement":[{"@type":"ListItem","position":1,"name":"Home","item":"https:\/\/www.lisker.fi\/sv\/"},{"@type":"ListItem","position":2,"name":"Service och underh\u00e5ll"}]},{"@type":"WebSite","@id":"https:\/\/www.lisker.fi\/sv\/#website","url":"https:\/\/www.lisker.fi\/sv\/","name":"Lisker Oy - Sahan optimointij&auml;rjestelm&auml;t","description":"Lisker Oy","publisher":{"@id":"https:\/\/www.lisker.fi\/sv\/#organization"},"potentialAction":[{"@type":"SearchAction","target":{"@type":"EntryPoint","urlTemplate":"https:\/\/www.lisker.fi\/sv\/?s={search_term_string}"},"query-input":{"@type":"PropertyValueSpecification","valueRequired":true,"valueName":"search_term_string"}}],"inLanguage":"sv-SE"},{"@type":"Organization","@id":"https:\/\/www.lisker.fi\/sv\/#organization","name":"Lisker Oy - Sahan optimointij&auml;rjestelm&auml;t","url":"https:\/\/www.lisker.fi\/sv\/","logo":{"@type":"ImageObject","inLanguage":"sv-SE","@id":"https:\/\/www.lisker.fi\/sv\/#\/schema\/logo\/image\/","url":"https:\/\/www.lisker.fi\/wp-content\/uploads\/2025\/09\/lisker-logo-valkoinen.png","contentUrl":"https:\/\/www.lisker.fi\/wp-content\/uploads\/2025\/09\/lisker-logo-valkoinen.png","width":1200,"height":400,"caption":"Lisker Oy - Sahan optimointij&auml;rjestelm&auml;t"},"image":{"@id":"https:\/\/www.lisker.fi\/sv\/#\/schema\/logo\/image\/"}}]}},"_links":{"self":[{"href":"https:\/\/www.lisker.fi\/sv\/wp-json\/wp\/v2\/pages\/50847","targetHints":{"allow":["GET"]}}],"collection":[{"href":"https:\/\/www.lisker.fi\/sv\/wp-json\/wp\/v2\/pages"}],"about":[{"href":"https:\/\/www.lisker.fi\/sv\/wp-json\/wp\/v2\/types\/page"}],"author":[{"embeddable":true,"href":"https:\/\/www.lisker.fi\/sv\/wp-json\/wp\/v2\/users\/2"}],"replies":[{"embeddable":true,"href":"https:\/\/www.lisker.fi\/sv\/wp-json\/wp\/v2\/comments?post=50847"}],"version-history":[{"count":4,"href":"https:\/\/www.lisker.fi\/sv\/wp-json\/wp\/v2\/pages\/50847\/revisions"}],"predecessor-version":[{"id":50864,"href":"https:\/\/www.lisker.fi\/sv\/wp-json\/wp\/v2\/pages\/50847\/revisions\/50864"}],"wp:attachment":[{"href":"https:\/\/www.lisker.fi\/sv\/wp-json\/wp\/v2\/media?parent=50847"}],"curies":[{"name":"wp","href":"https:\/\/api.w.org\/{rel}","templated":true}]}}